{"id":2223,"date":"2024-11-06T17:27:27","date_gmt":"2024-11-06T16:27:27","guid":{"rendered":"http:\/\/calmarehomes.com\/hausordnung\/"},"modified":"2024-12-03T12:44:48","modified_gmt":"2024-12-03T11:44:48","slug":"hausordnung","status":"publish","type":"page","link":"https:\/\/calmarehomes.com\/de\/hausordnung\/","title":{"rendered":"Hausordnung"},"content":{"rendered":"\t\t<div data-elementor-type=\"wp-page\" data-elementor-id=\"2223\" class=\"elementor elementor-2223 elementor-216\" data-elementor-post-type=\"page\">\n\t\t\t\t<div class=\"elementor-element elementor-element-ba6fa63 e-flex e-con-boxed e-con e-parent\" data-id=\"ba6fa63\" data-element_type=\"container\">\n\t\t\t\t\t<div class=\"e-con-inner\">\n\t\t\t\t<div class=\"elementor-element elementor-element-bb2263f elementor-widget elementor-widget-heading\" data-id=\"bb2263f\" data-element_type=\"widget\" data-widget_type=\"heading.default\">\n\t\t\t\t<div class=\"elementor-widget-container\">\n\t\t\t\t\t<h1 class=\"elementor-heading-title elementor-size-default\">Hausordnung<\/h1>\t\t\t\t<\/div>\n\t\t\t\t<\/div>\n\t\t<div class=\"elementor-element elementor-element-73f6a4e e-con-full e-flex e-con e-child\" data-id=\"73f6a4e\" data-element_type=\"container\">\n\t\t<div class=\"elementor-element elementor-element-226a39d e-con-full e-flex e-con e-child\" data-id=\"226a39d\" data-element_type=\"container\">\n\t\t\t\t<div class=\"elementor-element elementor-element-6084b46 elementor-widget elementor-widget-heading\" data-id=\"6084b46\" data-element_type=\"widget\" data-widget_type=\"heading.default\">\n\t\t\t\t<div class=\"elementor-widget-container\">\n\t\t\t\t\t<h2 class=\"elementor-heading-title elementor-size-default\">Calmare ist ein Raum, in dem Sie sich immer frei und sicher f\u00fchlen k\u00f6nnen<\/h2>\t\t\t\t<\/div>\n\t\t\t\t<\/div>\n\t\t\t\t<\/div>\n\t\t<div class=\"elementor-element elementor-element-fb8a177 e-con-full e-flex e-con e-child\" data-id=\"fb8a177\" data-element_type=\"container\">\n\t\t\t\t<div class=\"elementor-element elementor-element-8a04fc2 elementor-widget elementor-widget-text-editor\" data-id=\"8a04fc2\" data-element_type=\"widget\" data-widget_type=\"text-editor.default\">\n\t\t\t\t<div class=\"elementor-widget-container\">\n\t\t\t\t\t\t\t\t\t<p>Damit Sie und die anderen G\u00e4ste Spa\u00df haben, sollten Sie ein paar Regeln beachten.<br \/>\nBitte lesen Sie die nachstehende Anleitung sorgf\u00e4ltig durch und kontaktieren Sie uns, wenn Sie Zweifel haben. <\/p>\n\t\t\t\t\t\t\t\t<\/div>\n\t\t\t\t<\/div>\n\t\t\t\t<\/div>\n\t\t\t\t<\/div>\n\t\t\t\t\t<\/div>\n\t\t\t\t<\/div>\n\t\t<div class=\"elementor-element elementor-element-7bfa4e6 e-flex e-con-boxed e-con e-parent\" data-id=\"7bfa4e6\" data-element_type=\"container\">\n\t\t\t\t\t<div class=\"e-con-inner\">\n\t\t<div class=\"elementor-element elementor-element-10d1d82 e-con-full e-flex e-con e-child\" data-id=\"10d1d82\" data-element_type=\"container\">\n\t\t\t\t<div class=\"elementor-element elementor-element-e39b991 elementor-widget elementor-widget-heading\" data-id=\"e39b991\" data-element_type=\"widget\" data-widget_type=\"heading.default\">\n\t\t\t\t<div class=\"elementor-widget-container\">\n\t\t\t\t\t<h2 class=\"elementor-heading-title elementor-size-default\">Respekt<\/h2>\t\t\t\t<\/div>\n\t\t\t\t<\/div>\n\t\t\t\t<div class=\"elementor-element elementor-element-04b25fe elementor-widget elementor-widget-text-editor\" data-id=\"04b25fe\" data-element_type=\"widget\" data-widget_type=\"text-editor.default\">\n\t\t\t\t<div class=\"elementor-widget-container\">\n\t\t\t\t\t\t\t\t\t<p>Bitte behandeln Sie unser Haus mit demselben Respekt, den Sie auch Ihrem eigenen Zuhause entgegenbringen w\u00fcrden.<br \/>\nWir haben uns viel M\u00fche gegeben, um einen sch\u00f6nen Raum zu schaffen, den unsere G\u00e4ste genie\u00dfen k\u00f6nnen. <\/p>\n\t\t\t\t\t\t\t\t<\/div>\n\t\t\t\t<\/div>\n\t\t\t\t<\/div>\n\t\t<div class=\"elementor-element elementor-element-044079c e-con-full e-flex e-con e-child\" data-id=\"044079c\" data-element_type=\"container\">\n\t\t\t\t<div class=\"elementor-element elementor-element-664496c elementor-widget elementor-widget-heading\" data-id=\"664496c\" data-element_type=\"widget\" data-widget_type=\"heading.default\">\n\t\t\t\t<div class=\"elementor-widget-container\">\n\t\t\t\t\t<h2 class=\"elementor-heading-title elementor-size-default\">Sauberkeit<\/h2>\t\t\t\t<\/div>\n\t\t\t\t<\/div>\n\t\t\t\t<div class=\"elementor-element elementor-element-1614f4e elementor-widget elementor-widget-text-editor\" data-id=\"1614f4e\" data-element_type=\"widget\" data-widget_type=\"text-editor.default\">\n\t\t\t\t<div class=\"elementor-widget-container\">\n\t\t\t\t\t\t\t\t\t<p>Achten Sie w\u00e4hrend Ihres gesamten Aufenthalts auf Sauberkeit. Das macht es viel einfacher, wenn die Zeit des Auscheckens gekommen ist!<\/p>\n\t\t\t\t\t\t\t\t<\/div>\n\t\t\t\t<\/div>\n\t\t\t\t<\/div>\n\t\t<div class=\"elementor-element elementor-element-14179cc e-con-full e-flex e-con e-child\" data-id=\"14179cc\" data-element_type=\"container\">\n\t\t\t\t<div class=\"elementor-element elementor-element-c3547f8 elementor-widget elementor-widget-heading\" data-id=\"c3547f8\" data-element_type=\"widget\" data-widget_type=\"heading.default\">\n\t\t\t\t<div class=\"elementor-widget-container\">\n\t\t\t\t\t<h2 class=\"elementor-heading-title elementor-size-default\">Besch\u00e4digung von Eigentum<\/h2>\t\t\t\t<\/div>\n\t\t\t\t<\/div>\n\t\t\t\t<div class=\"elementor-element elementor-element-1786618 elementor-widget elementor-widget-text-editor\" data-id=\"1786618\" data-element_type=\"widget\" data-widget_type=\"text-editor.default\">\n\t\t\t\t<div class=\"elementor-widget-container\">\n\t\t\t\t\t\t\t\t\t<p>Im Falle eines Unfallschadens werden wir die Angelegenheit intern pr\u00fcfen, um zu entscheiden, ob und wie hoch der Abzug oder die Reparaturkosten sein werden.<\/p>\n\t\t\t\t\t\t\t\t<\/div>\n\t\t\t\t<\/div>\n\t\t\t\t<\/div>\n\t\t<div class=\"elementor-element elementor-element-fafa1c5 e-con-full e-flex e-con e-child\" data-id=\"fafa1c5\" data-element_type=\"container\">\n\t\t\t\t<div class=\"elementor-element elementor-element-9e869ee elementor-widget elementor-widget-heading\" data-id=\"9e869ee\" data-element_type=\"widget\" data-widget_type=\"heading.default\">\n\t\t\t\t<div class=\"elementor-widget-container\">\n\t\t\t\t\t<h2 class=\"elementor-heading-title elementor-size-default\">Schweigen<\/h2>\t\t\t\t<\/div>\n\t\t\t\t<\/div>\n\t\t\t\t<div class=\"elementor-element elementor-element-5431b66 elementor-widget elementor-widget-text-editor\" data-id=\"5431b66\" data-element_type=\"widget\" data-widget_type=\"text-editor.default\">\n\t\t\t\t<div class=\"elementor-widget-container\">\n\t\t\t\t\t\t\t\t\t<p>Wir hoffen, dass Sie in Ihrem Urlaub viel lachen und Spa\u00df haben werden!<br \/>\nWir w\u00fcrden es jedoch sehr begr\u00fc\u00dfen, wenn Sie w\u00e4hrend der Nachtstunden (23.00-7.00 Uhr) R\u00fccksicht nehmen und den L\u00e4rm auf ein Minimum beschr\u00e4nken w\u00fcrden. <\/p>\n\t\t\t\t\t\t\t\t<\/div>\n\t\t\t\t<\/div>\n\t\t\t\t<\/div>\n\t\t<div class=\"elementor-element elementor-element-ccc05a0 e-con-full e-flex e-con e-child\" data-id=\"ccc05a0\" data-element_type=\"container\">\n\t\t\t\t<div class=\"elementor-element elementor-element-5a87738 elementor-widget elementor-widget-heading\" data-id=\"5a87738\" data-element_type=\"widget\" data-widget_type=\"heading.default\">\n\t\t\t\t<div class=\"elementor-widget-container\">\n\t\t\t\t\t<h2 class=\"elementor-heading-title elementor-size-default\">Rauch<\/h2>\t\t\t\t<\/div>\n\t\t\t\t<\/div>\n\t\t\t\t<div class=\"elementor-element elementor-element-61c867e elementor-widget elementor-widget-text-editor\" data-id=\"61c867e\" data-element_type=\"widget\" data-widget_type=\"text-editor.default\">\n\t\t\t\t<div class=\"elementor-widget-container\">\n\t\t\t\t\t\t\t\t\t<p>Bitte rauchen Sie nicht im Haus, Sie haben genug Platz, um drau\u00dfen zu rauchen und die frische Luft im Haus f\u00fcr andere G\u00e4ste zu bewahren.<\/p>\n\t\t\t\t\t\t\t\t<\/div>\n\t\t\t\t<\/div>\n\t\t\t\t<\/div>\n\t\t<div class=\"elementor-element elementor-element-57ade6d e-con-full e-flex e-con e-child\" data-id=\"57ade6d\" data-element_type=\"container\">\n\t\t\t\t<div class=\"elementor-element elementor-element-2d79745 elementor-widget elementor-widget-heading\" data-id=\"2d79745\" data-element_type=\"widget\" data-widget_type=\"heading.default\">\n\t\t\t\t<div class=\"elementor-widget-container\">\n\t\t\t\t\t<h2 class=\"elementor-heading-title elementor-size-default\">Check-out<\/h2>\t\t\t\t<\/div>\n\t\t\t\t<\/div>\n\t\t\t\t<div class=\"elementor-element elementor-element-a07a262 elementor-widget elementor-widget-text-editor\" data-id=\"a07a262\" data-element_type=\"widget\" data-widget_type=\"text-editor.default\">\n\t\t\t\t<div class=\"elementor-widget-container\">\n\t\t\t\t\t\t\t\t\t<p>Check-out ist um 11 Uhr. Bitte kontaktieren Sie uns, um eine andere Zeit zu vereinbaren, und wir werden versuchen, Ihnen zu helfen.<\/p>\n\t\t\t\t\t\t\t\t<\/div>\n\t\t\t\t<\/div>\n\t\t\t\t<\/div>\n\t\t<div class=\"elementor-element elementor-element-00186d1 e-con-full e-flex e-con e-child\" data-id=\"00186d1\" data-element_type=\"container\">\n\t\t\t\t<div class=\"elementor-element elementor-element-05c3934 elementor-widget elementor-widget-heading\" data-id=\"05c3934\" data-element_type=\"widget\" data-widget_type=\"heading.default\">\n\t\t\t\t<div class=\"elementor-widget-container\">\n\t\t\t\t\t<h2 class=\"elementor-heading-title elementor-size-default\">Haustiere<\/h2>\t\t\t\t<\/div>\n\t\t\t\t<\/div>\n\t\t\t\t<div class=\"elementor-element elementor-element-1452d02 elementor-widget elementor-widget-text-editor\" data-id=\"1452d02\" data-element_type=\"widget\" data-widget_type=\"text-editor.default\">\n\t\t\t\t<div class=\"elementor-widget-container\">\n\t\t\t\t\t\t\t\t\t<p>Kleine Haustiere sind erlaubt, aber bitte achten Sie darauf, das Haus so sauber zu halten, wie Sie es tun w\u00fcrden, wenn es Ihre Kinder w\u00e4ren.<\/p>\n\t\t\t\t\t\t\t\t<\/div>\n\t\t\t\t<\/div>\n\t\t\t\t<\/div>\n\t\t<div class=\"elementor-element elementor-element-13421c0 e-con-full e-flex e-con e-child\" data-id=\"13421c0\" data-element_type=\"container\">\n\t\t\t\t<div class=\"elementor-element elementor-element-cd681d9 elementor-widget elementor-widget-heading\" data-id=\"cd681d9\" data-element_type=\"widget\" data-widget_type=\"heading.default\">\n\t\t\t\t<div class=\"elementor-widget-container\">\n\t\t\t\t\t<h2 class=\"elementor-heading-title elementor-size-default\">Andere<\/h2>\t\t\t\t<\/div>\n\t\t\t\t<\/div>\n\t\t\t\t<div class=\"elementor-element elementor-element-74e8c55 elementor-widget elementor-widget-text-editor\" data-id=\"74e8c55\" data-element_type=\"widget\" data-widget_type=\"text-editor.default\">\n\t\t\t\t<div class=\"elementor-widget-container\">\n\t\t\t\t\t\t\t\t\t<p>Bitte stellen Sie sicher, dass Sie die Hausordnung zu Beginn Ihres Aufenthalts gelesen und verstanden haben.<br \/>\nSollte etwas unklar sein, kontaktieren Sie uns bitte, damit wir es genauer erkl\u00e4ren k\u00f6nnen, um Missverst\u00e4ndnisse zu vermeiden. <\/p>\n\t\t\t\t\t\t\t\t<\/div>\n\t\t\t\t<\/div>\n\t\t\t\t<\/div>\n\t\t\t\t<div class=\"elementor-element elementor-element-8d61a26 elementor-widget elementor-widget-text-editor\" data-id=\"8d61a26\" data-element_type=\"widget\" data-widget_type=\"text-editor.default\">\n\t\t\t\t<div class=\"elementor-widget-container\">\n\t\t\t\t\t\t\t\t\t<p>Viel Spa\u00df!<br \/>\nDies ist Ihre Urlaubszeit und wir hoffen, dass Sie das Beste aus unserem Haus, seinen Annehmlichkeiten und Ihrer M\u00f6glichkeit, sich zu entspannen und die Umgebung zu besuchen, machen. <\/p>\n\t\t\t\t\t\t\t\t<\/div>\n\t\t\t\t<\/div>\n\t\t\t\t\t<\/div>\n\t\t\t\t<\/div>\n\t\t\t\t<\/div>\n\t\t","protected":false},"excerpt":{"rendered":"<p>Hausordnung Calmare ist ein Raum, in dem Sie sich immer frei und sicher f\u00fchlen k\u00f6nnen Damit Sie und die anderen G\u00e4ste Spa\u00df haben, sollten Sie ein paar Regeln beachten. Bitte [&hellip;]<\/p>\n","protected":false},"author":1,"featured_media":0,"parent":0,"menu_order":0,"comment_status":"closed","ping_status":"closed","template":"","meta":{"_acf_changed":false,"footnotes":""},"class_list":["post-2223","page","type-page","status-publish","hentry"],"acf":[],"yoast_head":"<!-- This site is optimized with the Yoast SEO plugin v25.5 - https:\/\/yoast.com\/wordpress\/plugins\/seo\/ -->\n<title>Hausordnung | Calmare<\/title>\n<meta name=\"robots\" content=\"index, follow, max-snippet:-1, max-image-preview:large, max-video-preview:-1\" \/>\n<link rel=\"canonical\" href=\"https:\/\/calmarehomes.com\/de\/hausordnung\/\" \/>\n<meta property=\"og:locale\" content=\"de_DE\" \/>\n<meta property=\"og:type\" content=\"article\" \/>\n<meta property=\"og:title\" content=\"Hausordnung | Calmare\" \/>\n<meta property=\"og:description\" content=\"Hausordnung Calmare ist ein Raum, in dem Sie sich immer frei und sicher f\u00fchlen k\u00f6nnen Damit Sie und die anderen G\u00e4ste Spa\u00df haben, sollten Sie ein paar Regeln beachten. Bitte [&hellip;]\" \/>\n<meta property=\"og:url\" content=\"https:\/\/calmarehomes.com\/de\/hausordnung\/\" \/>\n<meta property=\"og:site_name\" content=\"Calmare\" \/>\n<meta property=\"article:modified_time\" content=\"2024-12-03T11:44:48+00:00\" \/>\n<meta property=\"og:image\" content=\"https:\/\/calmarehomes.com\/wp-content\/uploads\/2024\/09\/cropped-favicon-3.png\" \/>\n\t<meta property=\"og:image:width\" content=\"512\" \/>\n\t<meta property=\"og:image:height\" content=\"512\" \/>\n\t<meta property=\"og:image:type\" content=\"image\/png\" \/>\n<meta name=\"twitter:card\" content=\"summary_large_image\" \/>\n<meta name=\"twitter:label1\" content=\"Gesch\u00e4tzte Lesezeit\" \/>\n\t<meta name=\"twitter:data1\" content=\"2\u00a0Minuten\" \/>\n<script type=\"application\/ld+json\" class=\"yoast-schema-graph\">{\"@context\":\"https:\/\/schema.org\",\"@graph\":[{\"@type\":\"WebPage\",\"@id\":\"https:\/\/calmarehomes.com\/de\/hausordnung\/\",\"url\":\"https:\/\/calmarehomes.com\/de\/hausordnung\/\",\"name\":\"Hausordnung | Calmare\",\"isPartOf\":{\"@id\":\"https:\/\/calmarehomes.com\/de\/#website\"},\"datePublished\":\"2024-11-06T16:27:27+00:00\",\"dateModified\":\"2024-12-03T11:44:48+00:00\",\"breadcrumb\":{\"@id\":\"https:\/\/calmarehomes.com\/de\/hausordnung\/#breadcrumb\"},\"inLanguage\":\"de\",\"potentialAction\":[{\"@type\":\"ReadAction\",\"target\":[\"https:\/\/calmarehomes.com\/de\/hausordnung\/\"]}]},{\"@type\":\"BreadcrumbList\",\"@id\":\"https:\/\/calmarehomes.com\/de\/hausordnung\/#breadcrumb\",\"itemListElement\":[{\"@type\":\"ListItem\",\"position\":1,\"name\":\"Home\",\"item\":\"https:\/\/calmarehomes.com\/de\/startseite\/\"},{\"@type\":\"ListItem\",\"position\":2,\"name\":\"Hausordnung\"}]},{\"@type\":\"WebSite\",\"@id\":\"https:\/\/calmarehomes.com\/de\/#website\",\"url\":\"https:\/\/calmarehomes.com\/de\/\",\"name\":\"Calmare\",\"description\":\"\",\"publisher\":{\"@id\":\"https:\/\/calmarehomes.com\/de\/#organization\"},\"potentialAction\":[{\"@type\":\"SearchAction\",\"target\":{\"@type\":\"EntryPoint\",\"urlTemplate\":\"https:\/\/calmarehomes.com\/de\/?s={search_term_string}\"},\"query-input\":{\"@type\":\"PropertyValueSpecification\",\"valueRequired\":true,\"valueName\":\"search_term_string\"}}],\"inLanguage\":\"de\"},{\"@type\":\"Organization\",\"@id\":\"https:\/\/calmarehomes.com\/de\/#organization\",\"name\":\"Calmare\",\"url\":\"https:\/\/calmarehomes.com\/de\/\",\"logo\":{\"@type\":\"ImageObject\",\"inLanguage\":\"de\",\"@id\":\"https:\/\/calmarehomes.com\/de\/#\/schema\/logo\/image\/\",\"url\":\"https:\/\/calmarehomes.com\/wp-content\/uploads\/2024\/09\/favicon-3.png\",\"contentUrl\":\"https:\/\/calmarehomes.com\/wp-content\/uploads\/2024\/09\/favicon-3.png\",\"width\":512,\"height\":512,\"caption\":\"Calmare\"},\"image\":{\"@id\":\"https:\/\/calmarehomes.com\/de\/#\/schema\/logo\/image\/\"}}]}<\/script>\n<!-- \/ Yoast SEO plugin. -->","yoast_head_json":{"title":"Hausordnung | Calmare","robots":{"index":"index","follow":"follow","max-snippet":"max-snippet:-1","max-image-preview":"max-image-preview:large","max-video-preview":"max-video-preview:-1"},"canonical":"https:\/\/calmarehomes.com\/de\/hausordnung\/","og_locale":"de_DE","og_type":"article","og_title":"Hausordnung | Calmare","og_description":"Hausordnung Calmare ist ein Raum, in dem Sie sich immer frei und sicher f\u00fchlen k\u00f6nnen Damit Sie und die anderen G\u00e4ste Spa\u00df haben, sollten Sie ein paar Regeln beachten. Bitte [&hellip;]","og_url":"https:\/\/calmarehomes.com\/de\/hausordnung\/","og_site_name":"Calmare","article_modified_time":"2024-12-03T11:44:48+00:00","og_image":[{"width":512,"height":512,"url":"https:\/\/calmarehomes.com\/wp-content\/uploads\/2024\/09\/cropped-favicon-3.png","type":"image\/png"}],"twitter_card":"summary_large_image","twitter_misc":{"Gesch\u00e4tzte Lesezeit":"2\u00a0Minuten"},"schema":{"@context":"https:\/\/schema.org","@graph":[{"@type":"WebPage","@id":"https:\/\/calmarehomes.com\/de\/hausordnung\/","url":"https:\/\/calmarehomes.com\/de\/hausordnung\/","name":"Hausordnung | Calmare","isPartOf":{"@id":"https:\/\/calmarehomes.com\/de\/#website"},"datePublished":"2024-11-06T16:27:27+00:00","dateModified":"2024-12-03T11:44:48+00:00","breadcrumb":{"@id":"https:\/\/calmarehomes.com\/de\/hausordnung\/#breadcrumb"},"inLanguage":"de","potentialAction":[{"@type":"ReadAction","target":["https:\/\/calmarehomes.com\/de\/hausordnung\/"]}]},{"@type":"BreadcrumbList","@id":"https:\/\/calmarehomes.com\/de\/hausordnung\/#breadcrumb","itemListElement":[{"@type":"ListItem","position":1,"name":"Home","item":"https:\/\/calmarehomes.com\/de\/startseite\/"},{"@type":"ListItem","position":2,"name":"Hausordnung"}]},{"@type":"WebSite","@id":"https:\/\/calmarehomes.com\/de\/#website","url":"https:\/\/calmarehomes.com\/de\/","name":"Calmare","description":"","publisher":{"@id":"https:\/\/calmarehomes.com\/de\/#organization"},"potentialAction":[{"@type":"SearchAction","target":{"@type":"EntryPoint","urlTemplate":"https:\/\/calmarehomes.com\/de\/?s={search_term_string}"},"query-input":{"@type":"PropertyValueSpecification","valueRequired":true,"valueName":"search_term_string"}}],"inLanguage":"de"},{"@type":"Organization","@id":"https:\/\/calmarehomes.com\/de\/#organization","name":"Calmare","url":"https:\/\/calmarehomes.com\/de\/","logo":{"@type":"ImageObject","inLanguage":"de","@id":"https:\/\/calmarehomes.com\/de\/#\/schema\/logo\/image\/","url":"https:\/\/calmarehomes.com\/wp-content\/uploads\/2024\/09\/favicon-3.png","contentUrl":"https:\/\/calmarehomes.com\/wp-content\/uploads\/2024\/09\/favicon-3.png","width":512,"height":512,"caption":"Calmare"},"image":{"@id":"https:\/\/calmarehomes.com\/de\/#\/schema\/logo\/image\/"}}]}},"_links":{"self":[{"href":"https:\/\/calmarehomes.com\/de\/wp-json\/wp\/v2\/pages\/2223","targetHints":{"allow":["GET"]}}],"collection":[{"href":"https:\/\/calmarehomes.com\/de\/wp-json\/wp\/v2\/pages"}],"about":[{"href":"https:\/\/calmarehomes.com\/de\/wp-json\/wp\/v2\/types\/page"}],"author":[{"embeddable":true,"href":"https:\/\/calmarehomes.com\/de\/wp-json\/wp\/v2\/users\/1"}],"replies":[{"embeddable":true,"href":"https:\/\/calmarehomes.com\/de\/wp-json\/wp\/v2\/comments?post=2223"}],"version-history":[{"count":2,"href":"https:\/\/calmarehomes.com\/de\/wp-json\/wp\/v2\/pages\/2223\/revisions"}],"predecessor-version":[{"id":2593,"href":"https:\/\/calmarehomes.com\/de\/wp-json\/wp\/v2\/pages\/2223\/revisions\/2593"}],"wp:attachment":[{"href":"https:\/\/calmarehomes.com\/de\/wp-json\/wp\/v2\/media?parent=2223"}],"curies":[{"name":"wp","href":"https:\/\/api.w.org\/{rel}","templated":true}]}}