{"id":2293,"date":"2024-09-26T19:37:27","date_gmt":"2024-09-26T17:37:27","guid":{"rendered":"http:\/\/calmarehomes.com\/politica-de-privacidad\/"},"modified":"2024-12-03T12:51:44","modified_gmt":"2024-12-03T11:51:44","slug":"politica-de-privacidad","status":"publish","type":"page","link":"https:\/\/calmarehomes.com\/es\/politica-de-privacidad\/","title":{"rendered":"Pol\u00edtica de privacidad"},"content":{"rendered":"<h1>Pol\u00edtica de privacidad<\/h1>\n<h2>Preferimos no almacenar ninguna informaci\u00f3n del usuario, si no es estrictamente necesario.<\/h2>\n<p>Sin embargo, por ley local, necesitamos al menos mantener un registro de los datos de nuestros hu\u00e9spedes a trav\u00e9s de un formulario de contacto (nombre, DNI, n\u00famero de tel\u00e9fono y direcci\u00f3n de correo electr\u00f3nico). Prometemos cuidarlo bien, como puedes leer a continuaci\u00f3n.<\/p>\n<h2>Confidencialidad y protecci\u00f3n de datos<\/h2>\n<p>A los efectos de lo previsto en el RGPD de 27 de abril de 2016, FATMAS 2016, S.L. informa al Usuario de la existencia de un tratamiento automatizado de datos de car\u00e1cter personal creado por y para FATMAS 2016, S.L. y bajo su responsabilidad, con la finalidad de realizar el mantenimiento y gesti\u00f3n de la relaci\u00f3n con el Usuario, as\u00ed como las labores de informaci\u00f3n. En el momento de la aceptaci\u00f3n de las presentes condiciones generales, FATMAS 2016, S.L. requerir\u00e1 al Usuario la recogida de unos datos imprescindibles para la prestaci\u00f3n de sus servicios.<\/p>\n<h2>Registro de expedientes y formularios<\/h2>\n<p>La cumplimentaci\u00f3n del formulario de registro es obligatoria para acceder y disfrutar de determinados servicios ofrecidos en la web. El no facilitar los datos personales solicitados o el no aceptar la presente pol\u00edtica de protecci\u00f3n de datos supone la imposibilidad de suscribirse, registrarse o participar en cualquiera de las promociones en las que se soliciten datos de car\u00e1cter personal. A los efectos de lo dispuesto en el RGPD de 27 de abril de 2016, le informamos que los datos personales obtenidos como consecuencia de su registro como Usuario ser\u00e1n incorporados a un fichero titularidad de FATMAS 2016, S.L. con C.I.F B76255801 y domicilio en C\/ MAJANICHO N\u00ba100, URBANIZACI\u00d3N ORIGO MARE VIVIENDA 604, LA OLIVA, 35650, LAS PALMAS, teniendo implementadas las medidas de seguridad establecidas en el Real Decreto 1720\/2007, de 11 de junio.<\/p>\n<h2>Exactitud y veracidad de los datos facilitados<\/h2>\n<p>El Usuario es el \u00fanico responsable de la veracidad y correcci\u00f3n de los datos incluidos, exoner\u00e1ndose FATMAS 2016, S.L. de cualquier responsabilidad al respecto. Los Usuarios garantizan y responden, en cualquier caso, de la exactitud, vigencia y autenticidad de los datos personales facilitados, y se comprometen a mantenerlos debidamente actualizados. El usuario se compromete a proporcionar informaci\u00f3n completa y correcta en el formulario de registro o suscripci\u00f3n. FATMAS 2016, S.L. no responde de la veracidad de las informaciones que no sean de elaboraci\u00f3n propia y de las que se indique otra fuente, por lo que tampoco asume responsabilidad alguna en cuanto a hipot\u00e9ticos perjuicios que pudieran originarse por el uso de dicha informaci\u00f3n. FATMAS 2016, S.L. se reserva el derecho a actualizar, modificar o eliminar la informaci\u00f3n contenida en sus p\u00e1ginas web pudiendo incluso limitar o no permitir el acceso a dicha informaci\u00f3n. Se exonera a FATMAS 2016, S.L. de responsabilidad ante cualquier da\u00f1o o perjuicio que pudiera sufrir el Usuario como consecuencia de errores, defectos u omisiones, en la informaci\u00f3n facilitada por FATMAS 2016, S.L. siempre que proceda de fuentes ajenas a FATMAS 2016, S.L. .<\/p>\n<h2>Ejercicio de los derechos de acceso, rectificaci\u00f3n, cancelaci\u00f3n y oposici\u00f3n<\/h2>\n<p>Podr\u00e1 dirigir sus comunicaciones y ejercitar los derechos de acceso, rectificaci\u00f3n, cancelaci\u00f3n, limitaci\u00f3n, portabilidad y oposici\u00f3n en la direcci\u00f3n de Internet www.dreamingmyway.com o por correo ordinario dirigido a FATMAS 2016, SL, Ref. RGPD, en C\/ MAJANICHO N\u00ba100, URBANIZACI\u00d3N ORIGO MARE VIVIENDA 604, LA OLIVA, 35650, LAS PALMAS. Para ejercer dichos derechos es necesario que usted acredite su personalidad frente a FATMAS 2016, S.L. mediante el env\u00edo de fotocopia de Documento Nacional de Identidad o cualquier otro medio v\u00e1lido en Derecho. No obstante, la modificaci\u00f3n o rectificaci\u00f3n de tus datos de registro puede realizarse en el propio Sitio identific\u00e1ndote, previamente, con tu nombre de usuario y contrase\u00f1a.<\/p>\n<h2>Aceptaci\u00f3n y consentimiento<\/h2>\n<p>El usuario declara haber sido informado de las condiciones sobre protecci\u00f3n de datos de car\u00e1cter personal, aceptando y consintiendo el tratamiento automatizado de los mismos por parte de FATMAS 2016, S.L., en la forma y para las finalidades indicadas en la presente Pol\u00edtica de Protecci\u00f3n de Datos Personales. Ciertos servicios prestados en el Portal pueden contener condiciones particulares con previsiones espec\u00edficas en materia de protecci\u00f3n de Datos Personales.<\/p>\n<h2>Cookies<\/h2>\n<p>El sitio www.dreamingmyway.com no utiliza cookies, considerando tales ficheros f\u00edsicos de informaci\u00f3n alojados en el propio terminal del usuario y sirven para facilitar la navegaci\u00f3n del usuario por el portal. En cualquier caso, el usuario tiene la posibilidad de configurar el navegador de forma que impida la instalaci\u00f3n de estos archivos.<\/p>\n<h2>Medidas de seguridad<\/h2>\n<p>FATMAS 2016, S.L. ha adoptado los niveles de seguridad de protecci\u00f3n de los Datos Personales legalmente requeridos, y procuran instalar aquellos otros medios y medidas t\u00e9cnicas adicionales a su alcance para evitar la p\u00e9rdida, mal uso, alteraci\u00f3n, acceso no autorizado y robo de los Datos Personales facilitados a FATMAS 2016, S.L. no ser\u00e1 responsable de posibles da\u00f1os o perjuicios que se pudieran derivar de interferencias, omisiones, interrupciones, virus inform\u00e1ticos, aver\u00edas telef\u00f3nicas o desconexiones en el funcionamiento operativo de este sistema electr\u00f3nico, motivadas por causas ajenas a FATMAS 2016, S.L .; de retrasos o bloqueos en el uso del presente sistema electr\u00f3nico causados por deficiencias o sobrecargas de l\u00edneas telef\u00f3nicas o sobrecargas en el Centro de Procesos de Datos, en el sistema de Internet o en otros sistemas electr\u00f3nicos, as\u00ed como de da\u00f1os que puedan ser causados por terceras personas mediante intromisiones ileg\u00edtimas fuera del control de FATMAS 2016, S.L. Ello no obstante, el Usuario debe ser consciente de que las medidas de seguridad en Internet no son inexpugnables.<\/p>\n<h2>Cesi\u00f3n de datos a terceros<\/h2>\n<p>FATMAS 2016, S.L. no ceder\u00e1 los datos de los usuarios a terceros.<\/p>\n<h2>Menores<\/h2>\n<p>En el supuesto que algunos de nuestros servicios vayan dirigidos espec\u00edficamente a menores de edad, FATMAS 2016, S.L. solicitar\u00e1 la conformidad de los padres o tutores para la recogida de los datos personales o, en su caso, para el tratamiento automatizado de los datos.<\/p>\n<h2>Prop\u00f3sitos<\/h2>\n<p>Las finalidades de Fatmas 2016 S.L. son el mantenimiento y gesti\u00f3n de la relaci\u00f3n con el Usuario, as\u00ed como las labores de informaci\u00f3n.<\/p>\n","protected":false},"excerpt":{"rendered":"<p>Pol\u00edtica de privacidad Preferimos no almacenar ninguna informaci\u00f3n del usuario, si no es estrictamente necesario. Sin embargo, por ley local, necesitamos al menos mantener un registro de los datos de [&hellip;]<\/p>\n","protected":false},"author":1,"featured_media":0,"parent":0,"menu_order":0,"comment_status":"closed","ping_status":"open","template":"","meta":{"_acf_changed":false,"footnotes":""},"class_list":["post-2293","page","type-page","status-publish","hentry"],"acf":[],"yoast_head":"<!-- This site is optimized with the Yoast SEO plugin v25.5 - https:\/\/yoast.com\/wordpress\/plugins\/seo\/ -->\n<title>Pol\u00edtica de privacidad | Calmare<\/title>\n<meta name=\"robots\" content=\"noindex, follow\" \/>\n<meta property=\"og:locale\" content=\"es_ES\" \/>\n<meta property=\"og:type\" content=\"article\" \/>\n<meta property=\"og:title\" content=\"Pol\u00edtica de privacidad | Calmare\" \/>\n<meta property=\"og:description\" content=\"Pol\u00edtica de privacidad Preferimos no almacenar ninguna informaci\u00f3n del usuario, si no es estrictamente necesario. Sin embargo, por ley local, necesitamos al menos mantener un registro de los datos de [&hellip;]\" \/>\n<meta property=\"og:url\" content=\"https:\/\/calmarehomes.com\/es\/politica-de-privacidad\/\" \/>\n<meta property=\"og:site_name\" content=\"Calmare\" \/>\n<meta property=\"article:modified_time\" content=\"2024-12-03T11:51:44+00:00\" \/>\n<meta property=\"og:image\" content=\"https:\/\/calmarehomes.com\/wp-content\/uploads\/2024\/09\/cropped-favicon-3.png\" \/>\n\t<meta property=\"og:image:width\" content=\"512\" \/>\n\t<meta property=\"og:image:height\" content=\"512\" \/>\n\t<meta property=\"og:image:type\" content=\"image\/png\" \/>\n<meta name=\"twitter:card\" content=\"summary_large_image\" \/>\n<meta name=\"twitter:label1\" content=\"Tiempo de lectura\" \/>\n\t<meta name=\"twitter:data1\" content=\"5 minutos\" \/>\n<script type=\"application\/ld+json\" class=\"yoast-schema-graph\">{\"@context\":\"https:\/\/schema.org\",\"@graph\":[{\"@type\":\"WebPage\",\"@id\":\"https:\/\/calmarehomes.com\/es\/politica-de-privacidad\/\",\"url\":\"https:\/\/calmarehomes.com\/es\/politica-de-privacidad\/\",\"name\":\"Pol\u00edtica de privacidad | Calmare\",\"isPartOf\":{\"@id\":\"https:\/\/calmarehomes.com\/es\/#website\"},\"datePublished\":\"2024-09-26T17:37:27+00:00\",\"dateModified\":\"2024-12-03T11:51:44+00:00\",\"breadcrumb\":{\"@id\":\"https:\/\/calmarehomes.com\/es\/politica-de-privacidad\/#breadcrumb\"},\"inLanguage\":\"es\",\"potentialAction\":[{\"@type\":\"ReadAction\",\"target\":[\"https:\/\/calmarehomes.com\/es\/politica-de-privacidad\/\"]}]},{\"@type\":\"BreadcrumbList\",\"@id\":\"https:\/\/calmarehomes.com\/es\/politica-de-privacidad\/#breadcrumb\",\"itemListElement\":[{\"@type\":\"ListItem\",\"position\":1,\"name\":\"Home\",\"item\":\"https:\/\/calmarehomes.com\/es\/inicio\/\"},{\"@type\":\"ListItem\",\"position\":2,\"name\":\"Pol\u00edtica de privacidad\"}]},{\"@type\":\"WebSite\",\"@id\":\"https:\/\/calmarehomes.com\/es\/#website\",\"url\":\"https:\/\/calmarehomes.com\/es\/\",\"name\":\"Calmare\",\"description\":\"\",\"publisher\":{\"@id\":\"https:\/\/calmarehomes.com\/es\/#organization\"},\"potentialAction\":[{\"@type\":\"SearchAction\",\"target\":{\"@type\":\"EntryPoint\",\"urlTemplate\":\"https:\/\/calmarehomes.com\/es\/?s={search_term_string}\"},\"query-input\":{\"@type\":\"PropertyValueSpecification\",\"valueRequired\":true,\"valueName\":\"search_term_string\"}}],\"inLanguage\":\"es\"},{\"@type\":\"Organization\",\"@id\":\"https:\/\/calmarehomes.com\/es\/#organization\",\"name\":\"Calmare\",\"url\":\"https:\/\/calmarehomes.com\/es\/\",\"logo\":{\"@type\":\"ImageObject\",\"inLanguage\":\"es\",\"@id\":\"https:\/\/calmarehomes.com\/es\/#\/schema\/logo\/image\/\",\"url\":\"https:\/\/calmarehomes.com\/wp-content\/uploads\/2024\/09\/favicon-3.png\",\"contentUrl\":\"https:\/\/calmarehomes.com\/wp-content\/uploads\/2024\/09\/favicon-3.png\",\"width\":512,\"height\":512,\"caption\":\"Calmare\"},\"image\":{\"@id\":\"https:\/\/calmarehomes.com\/es\/#\/schema\/logo\/image\/\"}}]}<\/script>\n<!-- \/ Yoast SEO plugin. -->","yoast_head_json":{"title":"Pol\u00edtica de privacidad | Calmare","robots":{"index":"noindex","follow":"follow"},"og_locale":"es_ES","og_type":"article","og_title":"Pol\u00edtica de privacidad | Calmare","og_description":"Pol\u00edtica de privacidad Preferimos no almacenar ninguna informaci\u00f3n del usuario, si no es estrictamente necesario. Sin embargo, por ley local, necesitamos al menos mantener un registro de los datos de [&hellip;]","og_url":"https:\/\/calmarehomes.com\/es\/politica-de-privacidad\/","og_site_name":"Calmare","article_modified_time":"2024-12-03T11:51:44+00:00","og_image":[{"width":512,"height":512,"url":"https:\/\/calmarehomes.com\/wp-content\/uploads\/2024\/09\/cropped-favicon-3.png","type":"image\/png"}],"twitter_card":"summary_large_image","twitter_misc":{"Tiempo de lectura":"5 minutos"},"schema":{"@context":"https:\/\/schema.org","@graph":[{"@type":"WebPage","@id":"https:\/\/calmarehomes.com\/es\/politica-de-privacidad\/","url":"https:\/\/calmarehomes.com\/es\/politica-de-privacidad\/","name":"Pol\u00edtica de privacidad | Calmare","isPartOf":{"@id":"https:\/\/calmarehomes.com\/es\/#website"},"datePublished":"2024-09-26T17:37:27+00:00","dateModified":"2024-12-03T11:51:44+00:00","breadcrumb":{"@id":"https:\/\/calmarehomes.com\/es\/politica-de-privacidad\/#breadcrumb"},"inLanguage":"es","potentialAction":[{"@type":"ReadAction","target":["https:\/\/calmarehomes.com\/es\/politica-de-privacidad\/"]}]},{"@type":"BreadcrumbList","@id":"https:\/\/calmarehomes.com\/es\/politica-de-privacidad\/#breadcrumb","itemListElement":[{"@type":"ListItem","position":1,"name":"Home","item":"https:\/\/calmarehomes.com\/es\/inicio\/"},{"@type":"ListItem","position":2,"name":"Pol\u00edtica de privacidad"}]},{"@type":"WebSite","@id":"https:\/\/calmarehomes.com\/es\/#website","url":"https:\/\/calmarehomes.com\/es\/","name":"Calmare","description":"","publisher":{"@id":"https:\/\/calmarehomes.com\/es\/#organization"},"potentialAction":[{"@type":"SearchAction","target":{"@type":"EntryPoint","urlTemplate":"https:\/\/calmarehomes.com\/es\/?s={search_term_string}"},"query-input":{"@type":"PropertyValueSpecification","valueRequired":true,"valueName":"search_term_string"}}],"inLanguage":"es"},{"@type":"Organization","@id":"https:\/\/calmarehomes.com\/es\/#organization","name":"Calmare","url":"https:\/\/calmarehomes.com\/es\/","logo":{"@type":"ImageObject","inLanguage":"es","@id":"https:\/\/calmarehomes.com\/es\/#\/schema\/logo\/image\/","url":"https:\/\/calmarehomes.com\/wp-content\/uploads\/2024\/09\/favicon-3.png","contentUrl":"https:\/\/calmarehomes.com\/wp-content\/uploads\/2024\/09\/favicon-3.png","width":512,"height":512,"caption":"Calmare"},"image":{"@id":"https:\/\/calmarehomes.com\/es\/#\/schema\/logo\/image\/"}}]}},"_links":{"self":[{"href":"https:\/\/calmarehomes.com\/es\/wp-json\/wp\/v2\/pages\/2293","targetHints":{"allow":["GET"]}}],"collection":[{"href":"https:\/\/calmarehomes.com\/es\/wp-json\/wp\/v2\/pages"}],"about":[{"href":"https:\/\/calmarehomes.com\/es\/wp-json\/wp\/v2\/types\/page"}],"author":[{"embeddable":true,"href":"https:\/\/calmarehomes.com\/es\/wp-json\/wp\/v2\/users\/1"}],"replies":[{"embeddable":true,"href":"https:\/\/calmarehomes.com\/es\/wp-json\/wp\/v2\/comments?post=2293"}],"version-history":[{"count":2,"href":"https:\/\/calmarehomes.com\/es\/wp-json\/wp\/v2\/pages\/2293\/revisions"}],"predecessor-version":[{"id":2596,"href":"https:\/\/calmarehomes.com\/es\/wp-json\/wp\/v2\/pages\/2293\/revisions\/2596"}],"wp:attachment":[{"href":"https:\/\/calmarehomes.com\/es\/wp-json\/wp\/v2\/media?parent=2293"}],"curies":[{"name":"wp","href":"https:\/\/api.w.org\/{rel}","templated":true}]}}