{"id":3862,"date":"2024-12-12T17:21:39","date_gmt":"2024-12-12T16:21:39","guid":{"rendered":"http:\/\/calmarehomes.com\/reussite-de-la-reservation\/"},"modified":"2024-12-12T19:26:11","modified_gmt":"2024-12-12T18:26:11","slug":"reussite-de-la-reservation","status":"publish","type":"page","link":"https:\/\/calmarehomes.com\/fr\/reussite-de-la-reservation\/","title":{"rendered":"R\u00e9ussite de la r\u00e9servation"},"content":{"rendered":"\t\t<div data-elementor-type=\"wp-page\" data-elementor-id=\"3862\" class=\"elementor elementor-3862 elementor-3839\" data-elementor-post-type=\"page\">\n\t\t\t\t<div class=\"elementor-element elementor-element-6d8a162 e-flex e-con-boxed e-con e-parent\" data-id=\"6d8a162\" data-element_type=\"container\">\n\t\t\t\t\t<div class=\"e-con-inner\">\n\t\t<div class=\"elementor-element elementor-element-09ecfb3 e-con-full e-flex e-con e-child\" data-id=\"09ecfb3\" data-element_type=\"container\">\n\t\t\t\t<div class=\"elementor-element elementor-element-68dcf06 elementor-widget elementor-widget-heading\" data-id=\"68dcf06\" data-element_type=\"widget\" data-widget_type=\"heading.default\">\n\t\t\t\t<div class=\"elementor-widget-container\">\n\t\t\t\t\t<h1 class=\"elementor-heading-title elementor-size-default\">R\u00e9servation effectu\u00e9e !<\/h1>\t\t\t\t<\/div>\n\t\t\t\t<\/div>\n\t\t<div class=\"elementor-element elementor-element-92ad3f1 e-con-full e-flex e-con e-child\" data-id=\"92ad3f1\" data-element_type=\"container\">\n\t\t\t\t<div class=\"elementor-element elementor-element-854bd1f elementor-widget elementor-widget-heading\" data-id=\"854bd1f\" data-element_type=\"widget\" data-widget_type=\"heading.default\">\n\t\t\t\t<div class=\"elementor-widget-container\">\n\t\t\t\t\t<p class=\"elementor-heading-title elementor-size-default\">A bient\u00f4t !<\/p>\t\t\t\t<\/div>\n\t\t\t\t<\/div>\n\t\t\t\t<div class=\"elementor-element elementor-element-d6898dc elementor-widget elementor-widget-heading\" data-id=\"d6898dc\" data-element_type=\"widget\" data-widget_type=\"heading.default\">\n\t\t\t\t<div class=\"elementor-widget-container\">\n\t\t\t\t\t<p class=\"elementor-heading-title elementor-size-default\">V\u00e9rifiez votre e-mail pour obtenir la confirmation de votre r\u00e9servation.<\/p>\t\t\t\t<\/div>\n\t\t\t\t<\/div>\n\t\t\t\t<\/div>\n\t\t\t\t<\/div>\n\t\t\t\t<div class=\"elementor-element elementor-element-5effd79 elementor-invisible elementor-widget elementor-widget-button\" data-id=\"5effd79\" data-element_type=\"widget\" data-settings=\"{&quot;_animation&quot;:&quot;fadeIn&quot;,&quot;_animation_delay&quot;:200}\" data-widget_type=\"button.default\">\n\t\t\t\t<div class=\"elementor-widget-container\">\n\t\t\t\t\t\t\t\t\t<div class=\"elementor-button-wrapper\">\n\t\t\t\t\t<a class=\"elementor-button elementor-button-link elementor-size-sm\" href=\"https:\/\/calmarehomes.com\/fr\/\">\n\t\t\t\t\t\t<span class=\"elementor-button-content-wrapper\">\n\t\t\t\t\t\t<span class=\"elementor-button-icon\">\n\t\t\t\t<svg xmlns=\"http:\/\/www.w3.org\/2000\/svg\" viewBox=\"0 0 18 18\"><defs><style>      .cls-1 {        fill: none;        stroke: #0071a9;        stroke-linecap: round;        stroke-linejoin: round;      }    <\/style><\/defs><g><g id=\"Capa_1\"><path class=\"cls-1\" d=\"M.6,9h16.7\"><\/path><path class=\"cls-1\" d=\"M12.2,14.1l5.1-5.1-5.1-5.1\"><\/path><\/g><\/g><\/svg>\t\t\t<\/span>\n\t\t\t\t\t\t\t\t\t<span class=\"elementor-button-text\">Accueil<\/span>\n\t\t\t\t\t<\/span>\n\t\t\t\t\t<\/a>\n\t\t\t\t<\/div>\n\t\t\t\t\t\t\t\t<\/div>\n\t\t\t\t<\/div>\n\t\t\t\t\t<\/div>\n\t\t\t\t<\/div>\n\t\t\t\t<\/div>\n\t\t","protected":false},"excerpt":{"rendered":"<p>R\u00e9servation effectu\u00e9e ! A bient\u00f4t ! V\u00e9rifiez votre e-mail pour obtenir la confirmation de votre r\u00e9servation. Accueil<\/p>\n","protected":false},"author":1,"featured_media":0,"parent":0,"menu_order":0,"comment_status":"closed","ping_status":"closed","template":"","meta":{"_acf_changed":false,"footnotes":""},"class_list":["post-3862","page","type-page","status-publish","hentry"],"acf":[],"yoast_head":"<!-- This site is optimized with the Yoast SEO plugin v25.5 - https:\/\/yoast.com\/wordpress\/plugins\/seo\/ -->\n<title>R\u00e9ussite de la r\u00e9servation | Calmare<\/title>\n<meta name=\"robots\" content=\"index, follow, max-snippet:-1, max-image-preview:large, max-video-preview:-1\" \/>\n<link rel=\"canonical\" href=\"https:\/\/calmarehomes.com\/fr\/reussite-de-la-reservation\/\" \/>\n<meta property=\"og:locale\" content=\"fr_FR\" \/>\n<meta property=\"og:type\" content=\"article\" \/>\n<meta property=\"og:title\" content=\"R\u00e9ussite de la r\u00e9servation | Calmare\" \/>\n<meta property=\"og:description\" content=\"R\u00e9servation effectu\u00e9e ! A bient\u00f4t ! V\u00e9rifiez votre e-mail pour obtenir la confirmation de votre r\u00e9servation. Accueil\" \/>\n<meta property=\"og:url\" content=\"https:\/\/calmarehomes.com\/fr\/reussite-de-la-reservation\/\" \/>\n<meta property=\"og:site_name\" content=\"Calmare\" \/>\n<meta property=\"article:modified_time\" content=\"2024-12-12T18:26:11+00:00\" \/>\n<meta property=\"og:image\" content=\"https:\/\/calmarehomes.com\/wp-content\/uploads\/2024\/09\/cropped-favicon-3.png\" \/>\n\t<meta property=\"og:image:width\" content=\"512\" \/>\n\t<meta property=\"og:image:height\" content=\"512\" \/>\n\t<meta property=\"og:image:type\" content=\"image\/png\" \/>\n<meta name=\"twitter:card\" content=\"summary_large_image\" \/>\n<script type=\"application\/ld+json\" class=\"yoast-schema-graph\">{\"@context\":\"https:\/\/schema.org\",\"@graph\":[{\"@type\":\"WebPage\",\"@id\":\"https:\/\/calmarehomes.com\/fr\/reussite-de-la-reservation\/\",\"url\":\"https:\/\/calmarehomes.com\/fr\/reussite-de-la-reservation\/\",\"name\":\"R\u00e9ussite de la r\u00e9servation | Calmare\",\"isPartOf\":{\"@id\":\"https:\/\/calmarehomes.com\/fr\/#website\"},\"datePublished\":\"2024-12-12T16:21:39+00:00\",\"dateModified\":\"2024-12-12T18:26:11+00:00\",\"breadcrumb\":{\"@id\":\"https:\/\/calmarehomes.com\/fr\/reussite-de-la-reservation\/#breadcrumb\"},\"inLanguage\":\"fr-FR\",\"potentialAction\":[{\"@type\":\"ReadAction\",\"target\":[\"https:\/\/calmarehomes.com\/fr\/reussite-de-la-reservation\/\"]}]},{\"@type\":\"BreadcrumbList\",\"@id\":\"https:\/\/calmarehomes.com\/fr\/reussite-de-la-reservation\/#breadcrumb\",\"itemListElement\":[{\"@type\":\"ListItem\",\"position\":1,\"name\":\"Home\",\"item\":\"https:\/\/calmarehomes.com\/fr\/accueil\/\"},{\"@type\":\"ListItem\",\"position\":2,\"name\":\"R\u00e9ussite de la r\u00e9servation\"}]},{\"@type\":\"WebSite\",\"@id\":\"https:\/\/calmarehomes.com\/fr\/#website\",\"url\":\"https:\/\/calmarehomes.com\/fr\/\",\"name\":\"Calmare\",\"description\":\"\",\"publisher\":{\"@id\":\"https:\/\/calmarehomes.com\/fr\/#organization\"},\"potentialAction\":[{\"@type\":\"SearchAction\",\"target\":{\"@type\":\"EntryPoint\",\"urlTemplate\":\"https:\/\/calmarehomes.com\/fr\/?s={search_term_string}\"},\"query-input\":{\"@type\":\"PropertyValueSpecification\",\"valueRequired\":true,\"valueName\":\"search_term_string\"}}],\"inLanguage\":\"fr-FR\"},{\"@type\":\"Organization\",\"@id\":\"https:\/\/calmarehomes.com\/fr\/#organization\",\"name\":\"Calmare\",\"url\":\"https:\/\/calmarehomes.com\/fr\/\",\"logo\":{\"@type\":\"ImageObject\",\"inLanguage\":\"fr-FR\",\"@id\":\"https:\/\/calmarehomes.com\/fr\/#\/schema\/logo\/image\/\",\"url\":\"https:\/\/calmarehomes.com\/wp-content\/uploads\/2024\/09\/favicon-3.png\",\"contentUrl\":\"https:\/\/calmarehomes.com\/wp-content\/uploads\/2024\/09\/favicon-3.png\",\"width\":512,\"height\":512,\"caption\":\"Calmare\"},\"image\":{\"@id\":\"https:\/\/calmarehomes.com\/fr\/#\/schema\/logo\/image\/\"}}]}<\/script>\n<!-- \/ Yoast SEO plugin. -->","yoast_head_json":{"title":"R\u00e9ussite de la r\u00e9servation | Calmare","robots":{"index":"index","follow":"follow","max-snippet":"max-snippet:-1","max-image-preview":"max-image-preview:large","max-video-preview":"max-video-preview:-1"},"canonical":"https:\/\/calmarehomes.com\/fr\/reussite-de-la-reservation\/","og_locale":"fr_FR","og_type":"article","og_title":"R\u00e9ussite de la r\u00e9servation | Calmare","og_description":"R\u00e9servation effectu\u00e9e ! A bient\u00f4t ! V\u00e9rifiez votre e-mail pour obtenir la confirmation de votre r\u00e9servation. Accueil","og_url":"https:\/\/calmarehomes.com\/fr\/reussite-de-la-reservation\/","og_site_name":"Calmare","article_modified_time":"2024-12-12T18:26:11+00:00","og_image":[{"width":512,"height":512,"url":"https:\/\/calmarehomes.com\/wp-content\/uploads\/2024\/09\/cropped-favicon-3.png","type":"image\/png"}],"twitter_card":"summary_large_image","schema":{"@context":"https:\/\/schema.org","@graph":[{"@type":"WebPage","@id":"https:\/\/calmarehomes.com\/fr\/reussite-de-la-reservation\/","url":"https:\/\/calmarehomes.com\/fr\/reussite-de-la-reservation\/","name":"R\u00e9ussite de la r\u00e9servation | Calmare","isPartOf":{"@id":"https:\/\/calmarehomes.com\/fr\/#website"},"datePublished":"2024-12-12T16:21:39+00:00","dateModified":"2024-12-12T18:26:11+00:00","breadcrumb":{"@id":"https:\/\/calmarehomes.com\/fr\/reussite-de-la-reservation\/#breadcrumb"},"inLanguage":"fr-FR","potentialAction":[{"@type":"ReadAction","target":["https:\/\/calmarehomes.com\/fr\/reussite-de-la-reservation\/"]}]},{"@type":"BreadcrumbList","@id":"https:\/\/calmarehomes.com\/fr\/reussite-de-la-reservation\/#breadcrumb","itemListElement":[{"@type":"ListItem","position":1,"name":"Home","item":"https:\/\/calmarehomes.com\/fr\/accueil\/"},{"@type":"ListItem","position":2,"name":"R\u00e9ussite de la r\u00e9servation"}]},{"@type":"WebSite","@id":"https:\/\/calmarehomes.com\/fr\/#website","url":"https:\/\/calmarehomes.com\/fr\/","name":"Calmare","description":"","publisher":{"@id":"https:\/\/calmarehomes.com\/fr\/#organization"},"potentialAction":[{"@type":"SearchAction","target":{"@type":"EntryPoint","urlTemplate":"https:\/\/calmarehomes.com\/fr\/?s={search_term_string}"},"query-input":{"@type":"PropertyValueSpecification","valueRequired":true,"valueName":"search_term_string"}}],"inLanguage":"fr-FR"},{"@type":"Organization","@id":"https:\/\/calmarehomes.com\/fr\/#organization","name":"Calmare","url":"https:\/\/calmarehomes.com\/fr\/","logo":{"@type":"ImageObject","inLanguage":"fr-FR","@id":"https:\/\/calmarehomes.com\/fr\/#\/schema\/logo\/image\/","url":"https:\/\/calmarehomes.com\/wp-content\/uploads\/2024\/09\/favicon-3.png","contentUrl":"https:\/\/calmarehomes.com\/wp-content\/uploads\/2024\/09\/favicon-3.png","width":512,"height":512,"caption":"Calmare"},"image":{"@id":"https:\/\/calmarehomes.com\/fr\/#\/schema\/logo\/image\/"}}]}},"_links":{"self":[{"href":"https:\/\/calmarehomes.com\/fr\/wp-json\/wp\/v2\/pages\/3862","targetHints":{"allow":["GET"]}}],"collection":[{"href":"https:\/\/calmarehomes.com\/fr\/wp-json\/wp\/v2\/pages"}],"about":[{"href":"https:\/\/calmarehomes.com\/fr\/wp-json\/wp\/v2\/types\/page"}],"author":[{"embeddable":true,"href":"https:\/\/calmarehomes.com\/fr\/wp-json\/wp\/v2\/users\/1"}],"replies":[{"embeddable":true,"href":"https:\/\/calmarehomes.com\/fr\/wp-json\/wp\/v2\/comments?post=3862"}],"version-history":[{"count":1,"href":"https:\/\/calmarehomes.com\/fr\/wp-json\/wp\/v2\/pages\/3862\/revisions"}],"predecessor-version":[{"id":3863,"href":"https:\/\/calmarehomes.com\/fr\/wp-json\/wp\/v2\/pages\/3862\/revisions\/3863"}],"wp:attachment":[{"href":"https:\/\/calmarehomes.com\/fr\/wp-json\/wp\/v2\/media?parent=3862"}],"curies":[{"name":"wp","href":"https:\/\/api.w.org\/{rel}","templated":true}]}}