{"id":2289,"date":"2024-09-26T19:37:27","date_gmt":"2024-09-26T17:37:27","guid":{"rendered":"http:\/\/calmarehomes.com\/informativa-sulla-privacy\/"},"modified":"2024-12-03T12:51:45","modified_gmt":"2024-12-03T11:51:45","slug":"informativa-sulla-privacy","status":"publish","type":"page","link":"https:\/\/calmarehomes.com\/it\/informativa-sulla-privacy\/","title":{"rendered":"Informativa sulla privacy"},"content":{"rendered":"<h1>Informativa sulla privacy<\/h1>\n<h2>Preferiamo non memorizzare alcuna informazione dell&#8217;utente, se non strettamente necessaria.<\/h2>\n<p>Tuttavia, in base alle leggi locali, dobbiamo almeno registrare i dati dei nostri ospiti attraverso un modulo di contatto (nome, ID, numero di telefono e indirizzo e-mail). Ti promettiamo che ce ne prenderemo cura, come puoi leggere qui di seguito.<\/p>\n<h2>Riservatezza e protezione dei dati<\/h2>\n<p>Ai fini delle disposizioni del RGPD del 27 aprile 2016, FATMAS 2016, S.L. informa l&#8217;Utente dell&#8217;esistenza di un trattamento automatizzato dei dati personali creato da e per FATMAS 2016, S.L. e sotto la sua responsabilit\u00e0, al fine di realizzare il mantenimento e la gestione del rapporto con l&#8217;Utente, nonch\u00e9 il lavoro di informazione. Al momento dell&#8217;accettazione delle presenti condizioni generali, FATMAS 2016, S.L. richieder\u00e0 all&#8217;Utente la raccolta dei dati essenziali per la prestazione dei propri servizi.<\/p>\n<h2>Registrazione di file e moduli<\/h2>\n<p>La compilazione del modulo di registrazione \u00e8 obbligatoria per accedere e usufruire di alcuni servizi offerti sul web. Il mancato conferimento dei dati personali richiesti o la mancata accettazione della presente informativa sulla protezione dei dati personali comporta l&#8217;impossibilit\u00e0 di iscriversi, registrarsi o partecipare a una qualsiasi delle promozioni in cui i dati personali sono richiesti. Ai fini delle disposizioni del RGPD del 27 aprile 2016, ti informiamo che i dati personali ottenuti a seguito della tua registrazione come Utente saranno incorporati in un archivio di propriet\u00e0 di FATMAS 2016, S.L. con C.I.F B76255801 e domicilio in C\/Majanicho N\u00ba100, URBANIZACI\u00d3N ORIGO MARE VIVIENDA 604, LA OLIVA, 35650, LAS PALMAS, avendo implementato le misure di sicurezza stabilite nel Real Decreto 1720\/2007, dell&#8217;11 giugno.<\/p>\n<h2>Accuratezza e veridicit\u00e0 dei dati forniti<\/h2>\n<p>L&#8217;Utente \u00e8 l&#8217;unico responsabile della veridicit\u00e0 e correttezza dei dati inseriti, esonerando FATMAS 2016, S.L. da qualsiasi responsabilit\u00e0 in merito. Gli utenti garantiscono e rispondono, in ogni caso, dell&#8217;esattezza, della validit\u00e0 e dell&#8217;autenticit\u00e0 dei dati personali forniti e si impegnano a mantenerli debitamente aggiornati. L&#8217;utente si impegna a fornire informazioni complete e corrette nel modulo di registrazione o di abbonamento. FATMAS 2016, S.L. non \u00e8 responsabile della veridicit\u00e0 delle informazioni che non sono di sua elaborazione e di cui \u00e8 indicata un&#8217;altra fonte, pertanto non si assume nemmeno alcuna responsabilit\u00e0 per gli ipotetici danni che potrebbero essere causati dall&#8217;uso di tali informazioni. FATMAS 2016, S.L. si riserva il diritto di aggiornare, modificare o eliminare le informazioni contenute nelle sue pagine web e pu\u00f2 anche limitare o non consentire l&#8217;accesso a tali informazioni. FATMAS 2016, S.L. non si assume alcuna responsabilit\u00e0 per eventuali danni o perdite che l&#8217;Utente potrebbe subire a causa di errori, difetti o omissioni nelle informazioni fornite da FATMAS 2016, S.L., purch\u00e9 provenienti da fonti esterne a FATMAS 2016, S.L..<\/p>\n<h2>Esercizio dei diritti di accesso, rettifica, cancellazione e opposizione<\/h2>\n<p>Puoi indirizzare le tue comunicazioni ed esercitare i diritti di accesso, rettifica, cancellazione, limitazione, portabilit\u00e0 e opposizione all&#8217;indirizzo Internet www.dreamingmyway.com o per posta ordinaria indirizzata a FATMAS 2016, SL, Rif. RGPD, in C \/ MAJANICHO N\u00ba100, URBANIZZAZIONE ORIGO MARE HOUSING 604, LA OLIVA, 35650, LAS PALMAS. Per esercitare tali diritti \u00e8 necessario che tu dimostri la tua personalit\u00e0 nei confronti di FATMAS 2016, S.L. inviando una fotocopia del documento di identit\u00e0 nazionale o qualsiasi altro mezzo valido ai sensi di legge. Tuttavia, la modifica o la rettifica dei tuoi dati di registrazione pu\u00f2 essere effettuata sul Sito stesso identificandoti, in precedenza, con il tuo nome utente e la tua password.<\/p>\n<h2>Accettazione e consenso<\/h2>\n<p>L&#8217;utente dichiara di essere stato informato delle condizioni di protezione dei dati personali, accettando e acconsentendo al trattamento automatizzato degli stessi da parte di FATMAS 2016, S.L., nelle modalit\u00e0 e per le finalit\u00e0 indicate nella presente Informativa sulla protezione dei dati personali. Alcuni servizi forniti sul Portale possono contenere condizioni particolari con disposizioni specifiche sulla protezione dei Dati Personali.<\/p>\n<h2>Biscotti<\/h2>\n<p>Il sito www.dreamingmyway.com non fa uso di cookie, in quanto tali file fisici di informazioni sono ospitati nel terminale dell&#8217;utente e servono a facilitare la navigazione dell&#8217;utente nel portale. In ogni caso, l&#8217;utente ha la possibilit\u00e0 di configurare il browser in modo tale da impedire l&#8217;installazione di questi file.<\/p>\n<h2>Misure di sicurezza<\/h2>\n<p>FATMAS 2016, S.L. ha adottato i livelli di sicurezza di protezione dei Dati Personali legalmente richiesti, e cerca di installare quegli altri mezzi e misure tecniche aggiuntive a sua disposizione per evitare la perdita, l&#8217;uso improprio, l&#8217;alterazione, l&#8217;accesso non autorizzato e il furto dei Dati Personali forniti a FATMAS 2016, S.L. non sar\u00e0 responsabile di eventuali danni o perdite che potrebbero derivare da interferenze, omissioni, interruzioni, virus informatici, guasti telefonici o disconnessioni nel funzionamento operativo di questo sistema elettronico, motivati da cause indipendenti da FATMAS 2016, S.L.; di ritardi o blocchi nell&#8217;utilizzo di questo sistema elettronico causati da carenze o sovraccarichi delle linee telefoniche o del sistema Internet o di altri sistemi elettronici, cos\u00ec come di ritardi o blocchi nell&#8217;utilizzo di questo sistema elettronico causati da carenze o sovraccarichi del Centro di Elaborazione Dati, del sistema Internet o di altri sistemi elettronici, cos\u00ec come di ritardi o blocchi nell&#8217;utilizzo di questo sistema elettronico.L.; di ritardi o blocchi nell&#8217;utilizzo di questo sistema elettronico causati da carenze o sovraccarichi delle linee telefoniche o sovraccarichi del Centro Elaborazione Dati, del sistema Internet o di altri sistemi elettronici, cos\u00ec come di danni che potrebbero essere causati da terze persone attraverso interferenze illegittime al di fuori del controllo di FATMAS 2016, S.L. Tuttavia, l&#8217;Utente deve essere consapevole che le misure di sicurezza di Internet non sono inespugnabili.<\/p>\n<h2>Trasferimento dei dati a terzi<\/h2>\n<p>FATMAS 2016, S.L. non trasferir\u00e0 i dati degli utenti a terzi.<\/p>\n<h2>Minori<\/h2>\n<p>Nel caso in cui alcuni dei nostri servizi siano rivolti specificamente ai minori, FATMAS 2016, S.L. richiede il consenso dei genitori o dei tutori per la raccolta dei dati personali o, se del caso, per il trattamento automatizzato dei dati.<\/p>\n<h2>Scopi<\/h2>\n<p>Le finalit\u00e0 di Fatmas 2016 S.L. sono il mantenimento e la gestione del rapporto con l&#8217;Utente, nonch\u00e9 le attivit\u00e0 di informazione.<\/p>\n","protected":false},"excerpt":{"rendered":"<p>Informativa sulla privacy Preferiamo non memorizzare alcuna informazione dell&#8217;utente, se non strettamente necessaria. Tuttavia, in base alle leggi locali, dobbiamo almeno registrare i dati dei nostri ospiti attraverso un modulo [&hellip;]<\/p>\n","protected":false},"author":1,"featured_media":0,"parent":0,"menu_order":0,"comment_status":"closed","ping_status":"open","template":"","meta":{"_acf_changed":false,"footnotes":""},"class_list":["post-2289","page","type-page","status-publish","hentry"],"acf":[],"yoast_head":"<!-- This site is optimized with the Yoast SEO plugin v25.5 - https:\/\/yoast.com\/wordpress\/plugins\/seo\/ -->\n<title>Informativa sulla privacy | Calmare<\/title>\n<meta name=\"robots\" content=\"noindex, follow\" \/>\n<meta property=\"og:locale\" content=\"it_IT\" \/>\n<meta property=\"og:type\" content=\"article\" \/>\n<meta property=\"og:title\" content=\"Informativa sulla privacy | Calmare\" \/>\n<meta property=\"og:description\" content=\"Informativa sulla privacy Preferiamo non memorizzare alcuna informazione dell&#8217;utente, se non strettamente necessaria. Tuttavia, in base alle leggi locali, dobbiamo almeno registrare i dati dei nostri ospiti attraverso un modulo [&hellip;]\" \/>\n<meta property=\"og:url\" content=\"https:\/\/calmarehomes.com\/it\/informativa-sulla-privacy\/\" \/>\n<meta property=\"og:site_name\" content=\"Calmare\" \/>\n<meta property=\"article:modified_time\" content=\"2024-12-03T11:51:45+00:00\" \/>\n<meta property=\"og:image\" content=\"https:\/\/calmarehomes.com\/wp-content\/uploads\/2024\/09\/cropped-favicon-3.png\" \/>\n\t<meta property=\"og:image:width\" content=\"512\" \/>\n\t<meta property=\"og:image:height\" content=\"512\" \/>\n\t<meta property=\"og:image:type\" content=\"image\/png\" \/>\n<meta name=\"twitter:card\" content=\"summary_large_image\" \/>\n<meta name=\"twitter:label1\" content=\"Tempo di lettura stimato\" \/>\n\t<meta name=\"twitter:data1\" content=\"5 minuti\" \/>\n<script type=\"application\/ld+json\" class=\"yoast-schema-graph\">{\"@context\":\"https:\/\/schema.org\",\"@graph\":[{\"@type\":\"WebPage\",\"@id\":\"https:\/\/calmarehomes.com\/it\/informativa-sulla-privacy\/\",\"url\":\"https:\/\/calmarehomes.com\/it\/informativa-sulla-privacy\/\",\"name\":\"Informativa sulla privacy | Calmare\",\"isPartOf\":{\"@id\":\"https:\/\/calmarehomes.com\/it\/#website\"},\"datePublished\":\"2024-09-26T17:37:27+00:00\",\"dateModified\":\"2024-12-03T11:51:45+00:00\",\"breadcrumb\":{\"@id\":\"https:\/\/calmarehomes.com\/it\/informativa-sulla-privacy\/#breadcrumb\"},\"inLanguage\":\"it-IT\",\"potentialAction\":[{\"@type\":\"ReadAction\",\"target\":[\"https:\/\/calmarehomes.com\/it\/informativa-sulla-privacy\/\"]}]},{\"@type\":\"BreadcrumbList\",\"@id\":\"https:\/\/calmarehomes.com\/it\/informativa-sulla-privacy\/#breadcrumb\",\"itemListElement\":[{\"@type\":\"ListItem\",\"position\":1,\"name\":\"Home\",\"item\":\"https:\/\/calmarehomes.com\/it\/casa\/\"},{\"@type\":\"ListItem\",\"position\":2,\"name\":\"Informativa sulla privacy\"}]},{\"@type\":\"WebSite\",\"@id\":\"https:\/\/calmarehomes.com\/it\/#website\",\"url\":\"https:\/\/calmarehomes.com\/it\/\",\"name\":\"Calmare\",\"description\":\"\",\"publisher\":{\"@id\":\"https:\/\/calmarehomes.com\/it\/#organization\"},\"potentialAction\":[{\"@type\":\"SearchAction\",\"target\":{\"@type\":\"EntryPoint\",\"urlTemplate\":\"https:\/\/calmarehomes.com\/it\/?s={search_term_string}\"},\"query-input\":{\"@type\":\"PropertyValueSpecification\",\"valueRequired\":true,\"valueName\":\"search_term_string\"}}],\"inLanguage\":\"it-IT\"},{\"@type\":\"Organization\",\"@id\":\"https:\/\/calmarehomes.com\/it\/#organization\",\"name\":\"Calmare\",\"url\":\"https:\/\/calmarehomes.com\/it\/\",\"logo\":{\"@type\":\"ImageObject\",\"inLanguage\":\"it-IT\",\"@id\":\"https:\/\/calmarehomes.com\/it\/#\/schema\/logo\/image\/\",\"url\":\"https:\/\/calmarehomes.com\/wp-content\/uploads\/2024\/09\/favicon-3.png\",\"contentUrl\":\"https:\/\/calmarehomes.com\/wp-content\/uploads\/2024\/09\/favicon-3.png\",\"width\":512,\"height\":512,\"caption\":\"Calmare\"},\"image\":{\"@id\":\"https:\/\/calmarehomes.com\/it\/#\/schema\/logo\/image\/\"}}]}<\/script>\n<!-- \/ Yoast SEO plugin. -->","yoast_head_json":{"title":"Informativa sulla privacy | Calmare","robots":{"index":"noindex","follow":"follow"},"og_locale":"it_IT","og_type":"article","og_title":"Informativa sulla privacy | Calmare","og_description":"Informativa sulla privacy Preferiamo non memorizzare alcuna informazione dell&#8217;utente, se non strettamente necessaria. Tuttavia, in base alle leggi locali, dobbiamo almeno registrare i dati dei nostri ospiti attraverso un modulo [&hellip;]","og_url":"https:\/\/calmarehomes.com\/it\/informativa-sulla-privacy\/","og_site_name":"Calmare","article_modified_time":"2024-12-03T11:51:45+00:00","og_image":[{"width":512,"height":512,"url":"https:\/\/calmarehomes.com\/wp-content\/uploads\/2024\/09\/cropped-favicon-3.png","type":"image\/png"}],"twitter_card":"summary_large_image","twitter_misc":{"Tempo di lettura stimato":"5 minuti"},"schema":{"@context":"https:\/\/schema.org","@graph":[{"@type":"WebPage","@id":"https:\/\/calmarehomes.com\/it\/informativa-sulla-privacy\/","url":"https:\/\/calmarehomes.com\/it\/informativa-sulla-privacy\/","name":"Informativa sulla privacy | Calmare","isPartOf":{"@id":"https:\/\/calmarehomes.com\/it\/#website"},"datePublished":"2024-09-26T17:37:27+00:00","dateModified":"2024-12-03T11:51:45+00:00","breadcrumb":{"@id":"https:\/\/calmarehomes.com\/it\/informativa-sulla-privacy\/#breadcrumb"},"inLanguage":"it-IT","potentialAction":[{"@type":"ReadAction","target":["https:\/\/calmarehomes.com\/it\/informativa-sulla-privacy\/"]}]},{"@type":"BreadcrumbList","@id":"https:\/\/calmarehomes.com\/it\/informativa-sulla-privacy\/#breadcrumb","itemListElement":[{"@type":"ListItem","position":1,"name":"Home","item":"https:\/\/calmarehomes.com\/it\/casa\/"},{"@type":"ListItem","position":2,"name":"Informativa sulla privacy"}]},{"@type":"WebSite","@id":"https:\/\/calmarehomes.com\/it\/#website","url":"https:\/\/calmarehomes.com\/it\/","name":"Calmare","description":"","publisher":{"@id":"https:\/\/calmarehomes.com\/it\/#organization"},"potentialAction":[{"@type":"SearchAction","target":{"@type":"EntryPoint","urlTemplate":"https:\/\/calmarehomes.com\/it\/?s={search_term_string}"},"query-input":{"@type":"PropertyValueSpecification","valueRequired":true,"valueName":"search_term_string"}}],"inLanguage":"it-IT"},{"@type":"Organization","@id":"https:\/\/calmarehomes.com\/it\/#organization","name":"Calmare","url":"https:\/\/calmarehomes.com\/it\/","logo":{"@type":"ImageObject","inLanguage":"it-IT","@id":"https:\/\/calmarehomes.com\/it\/#\/schema\/logo\/image\/","url":"https:\/\/calmarehomes.com\/wp-content\/uploads\/2024\/09\/favicon-3.png","contentUrl":"https:\/\/calmarehomes.com\/wp-content\/uploads\/2024\/09\/favicon-3.png","width":512,"height":512,"caption":"Calmare"},"image":{"@id":"https:\/\/calmarehomes.com\/it\/#\/schema\/logo\/image\/"}}]}},"_links":{"self":[{"href":"https:\/\/calmarehomes.com\/it\/wp-json\/wp\/v2\/pages\/2289","targetHints":{"allow":["GET"]}}],"collection":[{"href":"https:\/\/calmarehomes.com\/it\/wp-json\/wp\/v2\/pages"}],"about":[{"href":"https:\/\/calmarehomes.com\/it\/wp-json\/wp\/v2\/types\/page"}],"author":[{"embeddable":true,"href":"https:\/\/calmarehomes.com\/it\/wp-json\/wp\/v2\/users\/1"}],"replies":[{"embeddable":true,"href":"https:\/\/calmarehomes.com\/it\/wp-json\/wp\/v2\/comments?post=2289"}],"version-history":[{"count":2,"href":"https:\/\/calmarehomes.com\/it\/wp-json\/wp\/v2\/pages\/2289\/revisions"}],"predecessor-version":[{"id":2597,"href":"https:\/\/calmarehomes.com\/it\/wp-json\/wp\/v2\/pages\/2289\/revisions\/2597"}],"wp:attachment":[{"href":"https:\/\/calmarehomes.com\/it\/wp-json\/wp\/v2\/media?parent=2289"}],"curies":[{"name":"wp","href":"https:\/\/api.w.org\/{rel}","templated":true}]}}